{"id":10,"date":"2024-01-25T11:27:14","date_gmt":"2024-01-25T10:27:14","guid":{"rendered":"https:\/\/www.rmp-gmbh.ch\/?page_id=10"},"modified":"2024-02-28T11:14:51","modified_gmt":"2024-02-28T10:14:51","slug":"angebot","status":"publish","type":"page","link":"https:\/\/www.rmp-gmbh.ch\/fr\/","title":{"rendered":"Activit\u00e9s"},"content":{"rendered":"<div style=\"height:96px\" aria-hidden=\"true\" class=\"wp-block-spacer\"><\/div>\n\n\n\n<div class=\"wp-block-columns is-layout-flex wp-container-core-columns-is-layout-9d6595d7 wp-block-columns-is-layout-flex\">\n<div class=\"wp-block-column is-layout-flow wp-block-column-is-layout-flow\">\n<div class=\"wp-block-group has-grey-background-color has-background\"><div class=\"wp-block-group__inner-container is-layout-constrained wp-block-group-is-layout-constrained\">\n<h1 class=\"wp-block-heading heading-1\">Activit\u00e9s<\/h1>\n\n\n\n<p>Comme conseiller ind\u00e9pendant, je vous support pour des questions dans ces secteurs d\u2019activit\u00e9 :<\/p>\n\n\n\n<ul class=\"wp-block-list\">\n<li>T\u00e9l\u00e9ph\u00e9riques avec concession cantonale<\/li>\n\n\n\n<li>T\u00e9l\u00e9ph\u00e9riques industriels<\/li>\n\n\n\n<li>T\u00e9l\u00e9ph\u00e9riques pour transport mat\u00e9rielle<\/li>\n\n\n\n<li>Blondins<\/li>\n\n\n\n<li>Funiculaires<\/li>\n\n\n\n<li>Funiculaires dans des conduites<\/li>\n\n\n\n<li>Funiculaires pour transport des bateaux<\/li>\n\n\n\n<li>Ascenseurs inclin\u00e9s<\/li>\n<\/ul>\n<\/div><\/div>\n<\/div>\n\n\n\n<div class=\"wp-block-column is-layout-flow wp-block-column-is-layout-flow\">\n<details class=\"wp-block-details is-layout-flow wp-block-details-is-layout-flow\"><summary>Etudes ou consultations<\/summary>\n<p> <span style=\"mso-ansi-language:DE-CH\">Etudes ou consultations pour des installations neuves et pour des assainissements.<\/span><\/p>\n<\/details>\n\n\n\n<details class=\"wp-block-details is-layout-flow wp-block-details-is-layout-flow\"><summary>Validation<\/summary>\n<p>Validation des structures existantes<\/p>\n<\/details>\n\n\n\n<details class=\"wp-block-details is-layout-flow wp-block-details-is-layout-flow\"><summary>Mensuration<\/summary>\n<p>Mensuration tachym\u00e9trique (avec station totale Leica)<br>Mensuration des structures existantes et du terrain<\/p>\n<\/details>\n\n\n\n<details class=\"wp-block-details is-layout-flow wp-block-details-is-layout-flow\"><summary>Planification<\/summary>\n<p>Planification des installations ou des sous-syst\u00e8mes m\u00e9caniques<\/p>\n<\/details>\n\n\n\n<details class=\"wp-block-details is-layout-flow wp-block-details-is-layout-flow\"><summary>Rapports d\u2019expert<\/summary>\n<p>Rapports d\u2019expert pour les installations ou les sous-syst\u00e8mes m\u00e9caniques<\/p>\n<\/details>\n\n\n\n<details class=\"wp-block-details is-layout-flow wp-block-details-is-layout-flow\"><summary>Dossiers d\u2019approbation<\/summary>\n<p>Assistance pour la cr\u00e9ation des dossiers d\u2019approbation<\/p>\n<\/details>\n<\/div>\n<\/div>","protected":false},"excerpt":{"rendered":"<p>Angebot Als unabh\u00e4ngiger Berater unterst\u00fctze ich Sie gerne bei Fragen in folgenden Fachgebieten:<\/p>","protected":false},"author":1,"featured_media":0,"parent":0,"menu_order":0,"comment_status":"closed","ping_status":"closed","template":"","meta":{"footnotes":""},"class_list":["post-10","page","type-page","status-publish","hentry"],"yoast_head":"<!-- This site is optimized with the Yoast SEO plugin v27.5 - https:\/\/yoast.com\/product\/yoast-seo-wordpress\/ -->\n<title>Angebot - RMP GmbH<\/title>\n<meta name=\"description\" content=\"Als unabh\u00e4ngiger Berater unterst\u00fctze ich Sie gerne bei Fragen rund um Seilbahnen. Von der Studie \u00fcber die Pr\u00fcfung bis hin zur Planung,\" \/>\n<meta name=\"robots\" content=\"index, follow, max-snippet:-1, max-image-preview:large, max-video-preview:-1\" \/>\n<link rel=\"canonical\" href=\"https:\/\/www.rmp-gmbh.ch\/fr\/\" \/>\n<meta property=\"og:locale\" content=\"fr_FR\" \/>\n<meta property=\"og:type\" content=\"article\" \/>\n<meta property=\"og:title\" content=\"Angebot - RMP GmbH\" \/>\n<meta property=\"og:description\" content=\"Als unabh\u00e4ngiger Berater unterst\u00fctze ich Sie gerne bei Fragen rund um Seilbahnen. Von der Studie \u00fcber die Pr\u00fcfung bis hin zur Planung,\" \/>\n<meta property=\"og:url\" content=\"https:\/\/www.rmp-gmbh.ch\/fr\/\" \/>\n<meta property=\"og:site_name\" content=\"RMP GmbH\" \/>\n<meta property=\"article:modified_time\" content=\"2024-02-28T10:14:51+00:00\" \/>\n<meta name=\"twitter:card\" content=\"summary_large_image\" \/>\n<meta name=\"twitter:label1\" content=\"Dur\u00e9e de lecture estim\u00e9e\" \/>\n\t<meta name=\"twitter:data1\" content=\"1 minute\" \/>\n<script type=\"application\/ld+json\" class=\"yoast-schema-graph\">{\"@context\":\"https:\\\/\\\/schema.org\",\"@graph\":[{\"@type\":\"WebPage\",\"@id\":\"https:\\\/\\\/www.rmp-gmbh.ch\\\/\",\"url\":\"https:\\\/\\\/www.rmp-gmbh.ch\\\/\",\"name\":\"Angebot - RMP GmbH\",\"isPartOf\":{\"@id\":\"https:\\\/\\\/www.rmp-gmbh.ch\\\/#website\"},\"datePublished\":\"2024-01-25T10:27:14+00:00\",\"dateModified\":\"2024-02-28T10:14:51+00:00\",\"description\":\"Als unabh\u00e4ngiger Berater unterst\u00fctze ich Sie gerne bei Fragen rund um Seilbahnen. Von der Studie \u00fcber die Pr\u00fcfung bis hin zur Planung,\",\"breadcrumb\":{\"@id\":\"https:\\\/\\\/www.rmp-gmbh.ch\\\/#breadcrumb\"},\"inLanguage\":\"fr-FR\",\"potentialAction\":[{\"@type\":\"ReadAction\",\"target\":[\"https:\\\/\\\/www.rmp-gmbh.ch\\\/\"]}]},{\"@type\":\"BreadcrumbList\",\"@id\":\"https:\\\/\\\/www.rmp-gmbh.ch\\\/#breadcrumb\",\"itemListElement\":[{\"@type\":\"ListItem\",\"position\":1,\"name\":\"Startseite\",\"item\":\"https:\\\/\\\/www.rmp-gmbh.ch\\\/\"},{\"@type\":\"ListItem\",\"position\":2,\"name\":\"Angebot\"}]},{\"@type\":\"WebSite\",\"@id\":\"https:\\\/\\\/www.rmp-gmbh.ch\\\/#website\",\"url\":\"https:\\\/\\\/www.rmp-gmbh.ch\\\/\",\"name\":\"RMP GmbH\",\"description\":\"\",\"publisher\":{\"@id\":\"https:\\\/\\\/www.rmp-gmbh.ch\\\/#organization\"},\"potentialAction\":[{\"@type\":\"SearchAction\",\"target\":{\"@type\":\"EntryPoint\",\"urlTemplate\":\"https:\\\/\\\/www.rmp-gmbh.ch\\\/?s={search_term_string}\"},\"query-input\":{\"@type\":\"PropertyValueSpecification\",\"valueRequired\":true,\"valueName\":\"search_term_string\"}}],\"inLanguage\":\"fr-FR\"},{\"@type\":\"Organization\",\"@id\":\"https:\\\/\\\/www.rmp-gmbh.ch\\\/#organization\",\"name\":\"RMP GmbH\",\"url\":\"https:\\\/\\\/www.rmp-gmbh.ch\\\/\",\"logo\":{\"@type\":\"ImageObject\",\"inLanguage\":\"fr-FR\",\"@id\":\"https:\\\/\\\/www.rmp-gmbh.ch\\\/#\\\/schema\\\/logo\\\/image\\\/\",\"url\":\"https:\\\/\\\/www.rmp-gmbh.ch\\\/wp-content\\\/uploads\\\/2024\\\/01\\\/logo-rmp-gmbh-de.svg\",\"contentUrl\":\"https:\\\/\\\/www.rmp-gmbh.ch\\\/wp-content\\\/uploads\\\/2024\\\/01\\\/logo-rmp-gmbh-de.svg\",\"width\":372,\"height\":88,\"caption\":\"RMP GmbH\"},\"image\":{\"@id\":\"https:\\\/\\\/www.rmp-gmbh.ch\\\/#\\\/schema\\\/logo\\\/image\\\/\"}}]}<\/script>\n<!-- \/ Yoast SEO plugin. -->","yoast_head_json":{"title":"Angebot - RMP GmbH","description":"Als unabh\u00e4ngiger Berater unterst\u00fctze ich Sie gerne bei Fragen rund um Seilbahnen. Von der Studie \u00fcber die Pr\u00fcfung bis hin zur Planung,","robots":{"index":"index","follow":"follow","max-snippet":"max-snippet:-1","max-image-preview":"max-image-preview:large","max-video-preview":"max-video-preview:-1"},"canonical":"https:\/\/www.rmp-gmbh.ch\/fr\/","og_locale":"fr_FR","og_type":"article","og_title":"Angebot - RMP GmbH","og_description":"Als unabh\u00e4ngiger Berater unterst\u00fctze ich Sie gerne bei Fragen rund um Seilbahnen. Von der Studie \u00fcber die Pr\u00fcfung bis hin zur Planung,","og_url":"https:\/\/www.rmp-gmbh.ch\/fr\/","og_site_name":"RMP GmbH","article_modified_time":"2024-02-28T10:14:51+00:00","twitter_card":"summary_large_image","twitter_misc":{"Dur\u00e9e de lecture estim\u00e9e":"1 minute"},"schema":{"@context":"https:\/\/schema.org","@graph":[{"@type":"WebPage","@id":"https:\/\/www.rmp-gmbh.ch\/","url":"https:\/\/www.rmp-gmbh.ch\/","name":"Angebot - RMP GmbH","isPartOf":{"@id":"https:\/\/www.rmp-gmbh.ch\/#website"},"datePublished":"2024-01-25T10:27:14+00:00","dateModified":"2024-02-28T10:14:51+00:00","description":"Als unabh\u00e4ngiger Berater unterst\u00fctze ich Sie gerne bei Fragen rund um Seilbahnen. Von der Studie \u00fcber die Pr\u00fcfung bis hin zur Planung,","breadcrumb":{"@id":"https:\/\/www.rmp-gmbh.ch\/#breadcrumb"},"inLanguage":"fr-FR","potentialAction":[{"@type":"ReadAction","target":["https:\/\/www.rmp-gmbh.ch\/"]}]},{"@type":"BreadcrumbList","@id":"https:\/\/www.rmp-gmbh.ch\/#breadcrumb","itemListElement":[{"@type":"ListItem","position":1,"name":"Startseite","item":"https:\/\/www.rmp-gmbh.ch\/"},{"@type":"ListItem","position":2,"name":"Angebot"}]},{"@type":"WebSite","@id":"https:\/\/www.rmp-gmbh.ch\/#website","url":"https:\/\/www.rmp-gmbh.ch\/","name":"RMP GmbH","description":"","publisher":{"@id":"https:\/\/www.rmp-gmbh.ch\/#organization"},"potentialAction":[{"@type":"SearchAction","target":{"@type":"EntryPoint","urlTemplate":"https:\/\/www.rmp-gmbh.ch\/?s={search_term_string}"},"query-input":{"@type":"PropertyValueSpecification","valueRequired":true,"valueName":"search_term_string"}}],"inLanguage":"fr-FR"},{"@type":"Organization","@id":"https:\/\/www.rmp-gmbh.ch\/#organization","name":"RMP GmbH","url":"https:\/\/www.rmp-gmbh.ch\/","logo":{"@type":"ImageObject","inLanguage":"fr-FR","@id":"https:\/\/www.rmp-gmbh.ch\/#\/schema\/logo\/image\/","url":"https:\/\/www.rmp-gmbh.ch\/wp-content\/uploads\/2024\/01\/logo-rmp-gmbh-de.svg","contentUrl":"https:\/\/www.rmp-gmbh.ch\/wp-content\/uploads\/2024\/01\/logo-rmp-gmbh-de.svg","width":372,"height":88,"caption":"RMP GmbH"},"image":{"@id":"https:\/\/www.rmp-gmbh.ch\/#\/schema\/logo\/image\/"}}]}},"_links":{"self":[{"href":"https:\/\/www.rmp-gmbh.ch\/fr\/wp-json\/wp\/v2\/pages\/10","targetHints":{"allow":["GET"]}}],"collection":[{"href":"https:\/\/www.rmp-gmbh.ch\/fr\/wp-json\/wp\/v2\/pages"}],"about":[{"href":"https:\/\/www.rmp-gmbh.ch\/fr\/wp-json\/wp\/v2\/types\/page"}],"author":[{"embeddable":true,"href":"https:\/\/www.rmp-gmbh.ch\/fr\/wp-json\/wp\/v2\/users\/1"}],"replies":[{"embeddable":true,"href":"https:\/\/www.rmp-gmbh.ch\/fr\/wp-json\/wp\/v2\/comments?post=10"}],"version-history":[{"count":9,"href":"https:\/\/www.rmp-gmbh.ch\/fr\/wp-json\/wp\/v2\/pages\/10\/revisions"}],"predecessor-version":[{"id":163,"href":"https:\/\/www.rmp-gmbh.ch\/fr\/wp-json\/wp\/v2\/pages\/10\/revisions\/163"}],"wp:attachment":[{"href":"https:\/\/www.rmp-gmbh.ch\/fr\/wp-json\/wp\/v2\/media?parent=10"}],"curies":[{"name":"wp","href":"https:\/\/api.w.org\/{rel}","templated":true}]}}