{"id":10,"date":"2024-01-25T11:27:14","date_gmt":"2024-01-25T10:27:14","guid":{"rendered":"https:\/\/www.rmp-gmbh.ch\/?page_id=10"},"modified":"2024-02-28T11:14:51","modified_gmt":"2024-02-28T10:14:51","slug":"angebot","status":"publish","type":"page","link":"https:\/\/www.rmp-gmbh.ch\/it\/","title":{"rendered":"Settori d\u2019attivit\u00e0"},"content":{"rendered":"<div style=\"height:96px\" aria-hidden=\"true\" class=\"wp-block-spacer\"><\/div>\n\n\n\n<div class=\"wp-block-columns is-layout-flex wp-container-core-columns-is-layout-9d6595d7 wp-block-columns-is-layout-flex\">\n<div class=\"wp-block-column is-layout-flow wp-block-column-is-layout-flow\">\n<div class=\"wp-block-group has-grey-background-color has-background\"><div class=\"wp-block-group__inner-container is-layout-constrained wp-block-group-is-layout-constrained\">\n<h1 class=\"wp-block-heading heading-1\">Settori d\u2019attivit\u00e0<\/h1>\n\n\n\n<p>In qualit\u00e0 di consulente indipendente offro il mio supporto su domande concernenti questi settori di attivit\u00e0:<\/p>\n\n\n\n<ul class=\"wp-block-list\">\n<li>Funivie con autorizzazione cantonale<\/li>\n\n\n\n<li>Funivie industriali<\/li>\n\n\n\n<li>Funivie trasporto materiale<\/li>\n\n\n\n<li>Blondin<\/li>\n\n\n\n<li>Funicolari<\/li>\n\n\n\n<li>Argani in condotte<\/li>\n\n\n\n<li>Funicolari trasporto barca<\/li>\n\n\n\n<li>Ascensori inclinati<\/li>\n<\/ul>\n<\/div><\/div>\n<\/div>\n\n\n\n<div class=\"wp-block-column is-layout-flow wp-block-column-is-layout-flow\">\n<details class=\"wp-block-details is-layout-flow wp-block-details-is-layout-flow\"><summary>Studi e consulenza<\/summary>\n<p> <span style=\"mso-ansi-language:DE-CH\">Studi e consulenza per nuovi progetti o trasformazioni<\/span><\/p>\n<\/details>\n\n\n\n<details class=\"wp-block-details is-layout-flow wp-block-details-is-layout-flow\"><summary>Valutazioni<\/summary>\n<p>Valutazione dello stato di strutture\/impianti esistenti<\/p>\n<\/details>\n\n\n\n<details class=\"wp-block-details is-layout-flow wp-block-details-is-layout-flow\"><summary>Misurazioni<\/summary>\n<p>Misurazioni tachimetriche (con stazione totale Leica)<br>Misurazioni di strutture\/impianti esistenti e terreni<\/p>\n<\/details>\n\n\n\n<details class=\"wp-block-details is-layout-flow wp-block-details-is-layout-flow\"><summary>Pianificazione<\/summary>\n<p>Pianificazione di impianti o sottosistemi meccanici<\/p>\n<\/details>\n\n\n\n<details class=\"wp-block-details is-layout-flow wp-block-details-is-layout-flow\"><summary>Rapporti d\u2019esperto<\/summary>\n<p>Rapporti d\u2019esperto per impianti o sottosistemi meccanici<\/p>\n<\/details>\n\n\n\n<details class=\"wp-block-details is-layout-flow wp-block-details-is-layout-flow\"><summary>Dossier d\u2019approvazione<\/summary>\n<p>Assistenza per l\u2019elaborazione di dossier d\u2019approvazione<\/p>\n<\/details>\n<\/div>\n<\/div>","protected":false},"excerpt":{"rendered":"<p>Angebot Als unabh\u00e4ngiger Berater unterst\u00fctze ich Sie gerne bei Fragen in folgenden Fachgebieten:<\/p>","protected":false},"author":1,"featured_media":0,"parent":0,"menu_order":0,"comment_status":"closed","ping_status":"closed","template":"","meta":{"footnotes":""},"class_list":["post-10","page","type-page","status-publish","hentry"],"yoast_head":"<!-- This site is optimized with the Yoast SEO plugin v27.6 - https:\/\/yoast.com\/product\/yoast-seo-wordpress\/ -->\n<title>Angebot - RMP GmbH<\/title>\n<meta name=\"description\" content=\"Als unabh\u00e4ngiger Berater unterst\u00fctze ich Sie gerne bei Fragen rund um Seilbahnen. Von der Studie \u00fcber die Pr\u00fcfung bis hin zur Planung,\" \/>\n<meta name=\"robots\" content=\"index, follow, max-snippet:-1, max-image-preview:large, max-video-preview:-1\" \/>\n<link rel=\"canonical\" href=\"https:\/\/www.rmp-gmbh.ch\/it\/\" \/>\n<meta property=\"og:locale\" content=\"it_IT\" \/>\n<meta property=\"og:type\" content=\"article\" \/>\n<meta property=\"og:title\" content=\"Angebot - RMP GmbH\" \/>\n<meta property=\"og:description\" content=\"Als unabh\u00e4ngiger Berater unterst\u00fctze ich Sie gerne bei Fragen rund um Seilbahnen. Von der Studie \u00fcber die Pr\u00fcfung bis hin zur Planung,\" \/>\n<meta property=\"og:url\" content=\"https:\/\/www.rmp-gmbh.ch\/it\/\" \/>\n<meta property=\"og:site_name\" content=\"RMP GmbH\" \/>\n<meta property=\"article:modified_time\" content=\"2024-02-28T10:14:51+00:00\" \/>\n<meta name=\"twitter:card\" content=\"summary_large_image\" \/>\n<meta name=\"twitter:label1\" content=\"Tempo di lettura stimato\" \/>\n\t<meta name=\"twitter:data1\" content=\"1 minuto\" \/>\n<script type=\"application\/ld+json\" class=\"yoast-schema-graph\">{\"@context\":\"https:\\\/\\\/schema.org\",\"@graph\":[{\"@type\":\"WebPage\",\"@id\":\"https:\\\/\\\/www.rmp-gmbh.ch\\\/\",\"url\":\"https:\\\/\\\/www.rmp-gmbh.ch\\\/\",\"name\":\"Angebot - RMP GmbH\",\"isPartOf\":{\"@id\":\"https:\\\/\\\/www.rmp-gmbh.ch\\\/#website\"},\"datePublished\":\"2024-01-25T10:27:14+00:00\",\"dateModified\":\"2024-02-28T10:14:51+00:00\",\"description\":\"Als unabh\u00e4ngiger Berater unterst\u00fctze ich Sie gerne bei Fragen rund um Seilbahnen. Von der Studie \u00fcber die Pr\u00fcfung bis hin zur Planung,\",\"breadcrumb\":{\"@id\":\"https:\\\/\\\/www.rmp-gmbh.ch\\\/#breadcrumb\"},\"inLanguage\":\"it-IT\",\"potentialAction\":[{\"@type\":\"ReadAction\",\"target\":[\"https:\\\/\\\/www.rmp-gmbh.ch\\\/\"]}]},{\"@type\":\"BreadcrumbList\",\"@id\":\"https:\\\/\\\/www.rmp-gmbh.ch\\\/#breadcrumb\",\"itemListElement\":[{\"@type\":\"ListItem\",\"position\":1,\"name\":\"Startseite\",\"item\":\"https:\\\/\\\/www.rmp-gmbh.ch\\\/\"},{\"@type\":\"ListItem\",\"position\":2,\"name\":\"Angebot\"}]},{\"@type\":\"WebSite\",\"@id\":\"https:\\\/\\\/www.rmp-gmbh.ch\\\/#website\",\"url\":\"https:\\\/\\\/www.rmp-gmbh.ch\\\/\",\"name\":\"RMP GmbH\",\"description\":\"\",\"publisher\":{\"@id\":\"https:\\\/\\\/www.rmp-gmbh.ch\\\/#organization\"},\"potentialAction\":[{\"@type\":\"SearchAction\",\"target\":{\"@type\":\"EntryPoint\",\"urlTemplate\":\"https:\\\/\\\/www.rmp-gmbh.ch\\\/?s={search_term_string}\"},\"query-input\":{\"@type\":\"PropertyValueSpecification\",\"valueRequired\":true,\"valueName\":\"search_term_string\"}}],\"inLanguage\":\"it-IT\"},{\"@type\":\"Organization\",\"@id\":\"https:\\\/\\\/www.rmp-gmbh.ch\\\/#organization\",\"name\":\"RMP GmbH\",\"url\":\"https:\\\/\\\/www.rmp-gmbh.ch\\\/\",\"logo\":{\"@type\":\"ImageObject\",\"inLanguage\":\"it-IT\",\"@id\":\"https:\\\/\\\/www.rmp-gmbh.ch\\\/#\\\/schema\\\/logo\\\/image\\\/\",\"url\":\"https:\\\/\\\/www.rmp-gmbh.ch\\\/wp-content\\\/uploads\\\/2024\\\/01\\\/logo-rmp-gmbh-de.svg\",\"contentUrl\":\"https:\\\/\\\/www.rmp-gmbh.ch\\\/wp-content\\\/uploads\\\/2024\\\/01\\\/logo-rmp-gmbh-de.svg\",\"width\":372,\"height\":88,\"caption\":\"RMP GmbH\"},\"image\":{\"@id\":\"https:\\\/\\\/www.rmp-gmbh.ch\\\/#\\\/schema\\\/logo\\\/image\\\/\"}}]}<\/script>\n<!-- \/ Yoast SEO plugin. -->","yoast_head_json":{"title":"Angebot - RMP GmbH","description":"Als unabh\u00e4ngiger Berater unterst\u00fctze ich Sie gerne bei Fragen rund um Seilbahnen. Von der Studie \u00fcber die Pr\u00fcfung bis hin zur Planung,","robots":{"index":"index","follow":"follow","max-snippet":"max-snippet:-1","max-image-preview":"max-image-preview:large","max-video-preview":"max-video-preview:-1"},"canonical":"https:\/\/www.rmp-gmbh.ch\/it\/","og_locale":"it_IT","og_type":"article","og_title":"Angebot - RMP GmbH","og_description":"Als unabh\u00e4ngiger Berater unterst\u00fctze ich Sie gerne bei Fragen rund um Seilbahnen. Von der Studie \u00fcber die Pr\u00fcfung bis hin zur Planung,","og_url":"https:\/\/www.rmp-gmbh.ch\/it\/","og_site_name":"RMP GmbH","article_modified_time":"2024-02-28T10:14:51+00:00","twitter_card":"summary_large_image","twitter_misc":{"Tempo di lettura stimato":"1 minuto"},"schema":{"@context":"https:\/\/schema.org","@graph":[{"@type":"WebPage","@id":"https:\/\/www.rmp-gmbh.ch\/","url":"https:\/\/www.rmp-gmbh.ch\/","name":"Angebot - RMP GmbH","isPartOf":{"@id":"https:\/\/www.rmp-gmbh.ch\/#website"},"datePublished":"2024-01-25T10:27:14+00:00","dateModified":"2024-02-28T10:14:51+00:00","description":"Als unabh\u00e4ngiger Berater unterst\u00fctze ich Sie gerne bei Fragen rund um Seilbahnen. Von der Studie \u00fcber die Pr\u00fcfung bis hin zur Planung,","breadcrumb":{"@id":"https:\/\/www.rmp-gmbh.ch\/#breadcrumb"},"inLanguage":"it-IT","potentialAction":[{"@type":"ReadAction","target":["https:\/\/www.rmp-gmbh.ch\/"]}]},{"@type":"BreadcrumbList","@id":"https:\/\/www.rmp-gmbh.ch\/#breadcrumb","itemListElement":[{"@type":"ListItem","position":1,"name":"Startseite","item":"https:\/\/www.rmp-gmbh.ch\/"},{"@type":"ListItem","position":2,"name":"Angebot"}]},{"@type":"WebSite","@id":"https:\/\/www.rmp-gmbh.ch\/#website","url":"https:\/\/www.rmp-gmbh.ch\/","name":"RMP GmbH","description":"","publisher":{"@id":"https:\/\/www.rmp-gmbh.ch\/#organization"},"potentialAction":[{"@type":"SearchAction","target":{"@type":"EntryPoint","urlTemplate":"https:\/\/www.rmp-gmbh.ch\/?s={search_term_string}"},"query-input":{"@type":"PropertyValueSpecification","valueRequired":true,"valueName":"search_term_string"}}],"inLanguage":"it-IT"},{"@type":"Organization","@id":"https:\/\/www.rmp-gmbh.ch\/#organization","name":"RMP GmbH","url":"https:\/\/www.rmp-gmbh.ch\/","logo":{"@type":"ImageObject","inLanguage":"it-IT","@id":"https:\/\/www.rmp-gmbh.ch\/#\/schema\/logo\/image\/","url":"https:\/\/www.rmp-gmbh.ch\/wp-content\/uploads\/2024\/01\/logo-rmp-gmbh-de.svg","contentUrl":"https:\/\/www.rmp-gmbh.ch\/wp-content\/uploads\/2024\/01\/logo-rmp-gmbh-de.svg","width":372,"height":88,"caption":"RMP GmbH"},"image":{"@id":"https:\/\/www.rmp-gmbh.ch\/#\/schema\/logo\/image\/"}}]}},"_links":{"self":[{"href":"https:\/\/www.rmp-gmbh.ch\/it\/wp-json\/wp\/v2\/pages\/10","targetHints":{"allow":["GET"]}}],"collection":[{"href":"https:\/\/www.rmp-gmbh.ch\/it\/wp-json\/wp\/v2\/pages"}],"about":[{"href":"https:\/\/www.rmp-gmbh.ch\/it\/wp-json\/wp\/v2\/types\/page"}],"author":[{"embeddable":true,"href":"https:\/\/www.rmp-gmbh.ch\/it\/wp-json\/wp\/v2\/users\/1"}],"replies":[{"embeddable":true,"href":"https:\/\/www.rmp-gmbh.ch\/it\/wp-json\/wp\/v2\/comments?post=10"}],"version-history":[{"count":9,"href":"https:\/\/www.rmp-gmbh.ch\/it\/wp-json\/wp\/v2\/pages\/10\/revisions"}],"predecessor-version":[{"id":163,"href":"https:\/\/www.rmp-gmbh.ch\/it\/wp-json\/wp\/v2\/pages\/10\/revisions\/163"}],"wp:attachment":[{"href":"https:\/\/www.rmp-gmbh.ch\/it\/wp-json\/wp\/v2\/media?parent=10"}],"curies":[{"name":"wp","href":"https:\/\/api.w.org\/{rel}","templated":true}]}}